{"id":2,"date":"2022-05-03T18:16:27","date_gmt":"2022-05-03T18:16:27","guid":{"rendered":"https:\/\/divermaquinas.com.co\/?page_id=2"},"modified":"2022-06-07T20:30:27","modified_gmt":"2022-06-07T20:30:27","slug":"sample-page","status":"publish","type":"page","link":"https:\/\/divermaquinas.com.co\/?page_id=2","title":{"rendered":"QUIENES SOMOS"},"content":{"rendered":"\n<p class=\"has-text-align-left\"><strong>Misi\u00f3n<\/strong><\/p>\n\n\n\n<p>Trabajamos para brindar una experiencia agradable y din\u00e1mica a nuestros clientes ofreciendo el mejor servicio; logrando beneficios econ\u00f3micos para la salud del pa\u00eds, apostando siempre por el juego responsable y buenas pr\u00e1cticas empresariales.<\/p>\n\n\n\n<p class=\"has-text-align-left\"><strong>Visi\u00f3n<\/strong><\/p>\n\n\n\n<p>En el plan de marketing DIVERMAQUINAS S.A.S, buscar la apertura en 10 a\u00f1os de m\u00e1s puntos de venta y diversificar el mercado con las \u00faltimas tecnolog\u00edas en productos de juegos de suerte y azar, que ofrezcan mejores experiencias al consumidor y cumplir con los requerimientos legales.<\/p>\n\n\n\n<p class=\"has-text-align-left\"><strong>Responsabilidad<\/strong><\/p>\n\n\n\n<p>Nuestros valores corporativos est\u00e1n enmarcados en la responsabilidad social, empresarial y comercial.<\/p>\n\n\n\n<p class=\"has-text-align-left\"><strong>Calidad<\/strong><\/p>\n\n\n\n<p class=\"has-text-align-left\">Nos regimos por las normas legales vigentes, por eso es de suma importancia cumplir con procesos de calidad e integridad.<br><\/p>\n\n\n\n<div style=\"height:40px\" aria-hidden=\"true\" class=\"wp-block-spacer\"><\/div>\n\n\n\n<p><\/p>\n\n\n\n<p><\/p>\n\n\n\n<p><\/p>\n","protected":false},"excerpt":{"rendered":"<p>Misi\u00f3n Trabajamos para brindar una experiencia agradable y din\u00e1mica a nuestros clientes ofreciendo el mejor servicio; logrando beneficios econ\u00f3micos para la salud del pa\u00eds, apostando siempre por el juego responsable y buenas pr\u00e1cticas empresariales. Visi\u00f3n En el plan de marketing DIVERMAQUINAS S.A.S, buscar la apertura en 10 a\u00f1os de m\u00e1s [&hellip;]<\/p>\n","protected":false},"author":1,"featured_media":0,"parent":0,"menu_order":0,"comment_status":"closed","ping_status":"closed","template":"","meta":{"footnotes":""},"class_list":["post-2","page","type-page","status-publish","hentry"],"_links":{"self":[{"href":"https:\/\/divermaquinas.com.co\/index.php?rest_route=\/wp\/v2\/pages\/2","targetHints":{"allow":["GET"]}}],"collection":[{"href":"https:\/\/divermaquinas.com.co\/index.php?rest_route=\/wp\/v2\/pages"}],"about":[{"href":"https:\/\/divermaquinas.com.co\/index.php?rest_route=\/wp\/v2\/types\/page"}],"author":[{"embeddable":true,"href":"https:\/\/divermaquinas.com.co\/index.php?rest_route=\/wp\/v2\/users\/1"}],"replies":[{"embeddable":true,"href":"https:\/\/divermaquinas.com.co\/index.php?rest_route=%2Fwp%2Fv2%2Fcomments&post=2"}],"version-history":[{"count":8,"href":"https:\/\/divermaquinas.com.co\/index.php?rest_route=\/wp\/v2\/pages\/2\/revisions"}],"predecessor-version":[{"id":249,"href":"https:\/\/divermaquinas.com.co\/index.php?rest_route=\/wp\/v2\/pages\/2\/revisions\/249"}],"wp:attachment":[{"href":"https:\/\/divermaquinas.com.co\/index.php?rest_route=%2Fwp%2Fv2%2Fmedia&parent=2"}],"curies":[{"name":"wp","href":"https:\/\/api.w.org\/{rel}","templated":true}]}}